{"id":1748,"date":"2022-09-26T10:17:32","date_gmt":"2022-09-26T07:17:32","guid":{"rendered":"https:\/\/beauty-clean.bangbonsomer.com\/?page_id=1748"},"modified":"2024-05-31T11:28:14","modified_gmt":"2024-05-31T08:28:14","slug":"foretagspolicy-och-hallbarhet","status":"publish","type":"page","link":"https:\/\/beauty-clean.bangbonsomer.com\/sv\/foretagspolicy-och-hallbarhet\/","title":{"rendered":"F\u00f6retagspolicy och h\u00e5llbarhet"},"content":{"rendered":"\n\n<div class=\"lazyblock-vertical-text-Z1auhey wp-block-lazyblock-vertical-text\"><div class=\"vertical-page-disclaimer sticky\" data-sticky data-top-anchor=\"entry-content:top\" data-options=\"stickyOn: small;\">\n\t<p class=\"vertical-page-disclaimer--text\">L\u00e4s om Beauty &#038; Clean sk\u00f6nhetsingredienser i n\u00e4sta avsnitt<span><\/span><\/p>\n<\/div>\n<\/div>\n\n<div class=\"lazyblock-main-headline-Z1w4WPE wp-block-lazyblock-main-headline\"><section class=\"page-section main-headline-section header-headline\" style=\"background-color: var(--global--color-background);\">\n    <h2 class=\"main-headline\" style=\"position:relative; color:#FFFFFF; \">F\u00f6retagspolicy &nbsp;<span style=\"margin-left:5%; color:#E9EAEC;\">och h\u00e5llbarhet<\/span><\/h2>\n<\/section><\/div>\n\n<div class=\"lazyblock-section-fGAX5 wp-block-lazyblock-section\">\r\n<div class=\"page-section full-height\" style=\"background-repeat:no-repeat;\">\r\n\t\n\n<div class=\"wp-block-jetpack-layout-grid alignfull column1-desktop-grid__span-2 column1-desktop-grid__row-1 column2-desktop-grid__span-5 column2-desktop-grid__start-3 column2-desktop-grid__row-1 column3-desktop-grid__span-5 column3-desktop-grid__start-8 column3-desktop-grid__row-1 column1-tablet-grid__span-1 column1-tablet-grid__row-1 column2-tablet-grid__span-3 column2-tablet-grid__start-2 column2-tablet-grid__row-1 column3-tablet-grid__span-4 column3-tablet-grid__start-5 column3-tablet-grid__row-1 column1-mobile-grid__span-1 column1-mobile-grid__row-1 column2-mobile-grid__span-3 column2-mobile-grid__start-2 column2-mobile-grid__row-1 column3-mobile-grid__span-4 column3-mobile-grid__row-2 wp-block-jetpack-layout-gutter__nowrap wp-block-jetpack-layout-gutter__none\">\n<div class=\"wp-block-jetpack-layout-grid-column wp-block-jetpack-layout-grid__padding-none\"><div class=\"lazyblock-section-title-Z1QQE4J wp-block-lazyblock-section-title\"><div class=\"page-section__side--left\">\r\n            <div class=\"page-section__side--vertical\">\r\n                <h2 class=\"side-heading\">F\u00f6retagspolicy och h\u00e5llbarhet<\/h2>\r\n                <div class=\"side-navigation\">\r\n                  <svg class=\"arrow-long\" viewBox=\"0 0 17 43\" version=\"1.1\" xmlns=\"http:\/\/www.w3.org\/2000\/svg\" xmlns:xlink=\"http:\/\/www.w3.org\/1999\/xlink\" xml:space=\"preserve\" style=\"fill-rule:evenodd;clip-rule:evenodd;stroke-linejoin:round;stroke-miterlimit:2;\">\r\n\t\t\t\t\t\t\t      <g transform=\"matrix(1,0,0,1,-38,-960)\">\r\n\t\t\t\t\t\t\t\t      <path d=\"M47.007,1001.11L54.283,994.007L55,994.706L47.216,1002.3L47.217,1002.3L46.501,1003L46.5,1003L46.499,1003L45.783,1002.3L45.783,1002.3L38,994.706L38.717,994.007L45.993,1001.11L45.993,960L47.007,960L47.007,1001.11Z\" style=\"fill:rgb(0,87,0);\"\/>\r\n\t\t\t\t\t\t\t      <\/g>\r\n\t\t\t\t\t\t      <\/svg>\r\n                    <a href=\"https:\/\/beauty-clean.bangbonsomer.com\/sv\/\">\r\n                        <svg width=\"100%\" height=\"100%\" viewBox=\"0 0 16 15\" version=\"1.1\" xmlns=\"http:\/\/www.w3.org\/2000\/svg\" xmlns:xlink=\"http:\/\/www.w3.org\/1999\/xlink\" xml:space=\"preserve\" style=\"fill-rule:evenodd;clip-rule:evenodd;stroke-linejoin:round;stroke-miterlimit:2;\">\r\n                      <g transform=\"matrix(1,0,0,1,-38.9551,-1021.98)\">\r\n                          <path class=\"Shape-33\" d=\"M39.015,1028.89C38.95,1028.92 38.939,1028.84 38.976,1028.82C38.963,1028.78 39.065,1028.72 39.065,1028.86L46.159,1022.08C46.302,1021.95 46.661,1021.95 46.804,1022.08L53.899,1028.86L53.908,1028.81C53.939,1028.72 54.043,1028.82 53.959,1028.85L53.899,1028.86C53.932,1028.89 53.928,1028.9 53.899,1028.89L53.899,1036.26C53.899,1036.46 53.61,1036.91 53.403,1036.91L48.255,1036.91C48.048,1036.91 47.449,1036.46 47.449,1036.26L47.449,1032.56L45.514,1032.56L45.514,1036.26C45.514,1036.46 44.916,1036.91 44.709,1036.91L39.71,1036.88C39.503,1036.88 39.065,1036.46 39.065,1036.26L39.065,1028.86L39.015,1028.89ZM46.804,1023.93L52.609,1029.48C52.56,1029.48 52.587,1029.5 52.609,1029.5L52.609,1035.65L48.739,1035.65L48.739,1031.94C48.739,1031.75 48.462,1031.38 48.255,1031.38L44.709,1031.38C44.502,1031.38 44.334,1031.54 44.334,1031.74L44.224,1035.65L40.354,1035.65L40.354,1029.48L46.159,1023.93L46.804,1023.93Z\" style=\"fill:rgb(0,87,0);\"\/>\r\n                      <\/g>\r\n                  <\/svg>\r\n                    <\/a>\r\n                    <a href=\"mailto:beautyclean@bangbonsomer.com\">\r\n                        <svg width=\"100%\" height=\"100%\" viewBox=\"0 0 19 15\" version=\"1.1\" xmlns=\"http:\/\/www.w3.org\/2000\/svg\" xmlns:xlink=\"http:\/\/www.w3.org\/1999\/xlink\" xml:space=\"preserve\" style=\"fill-rule:evenodd;clip-rule:evenodd;stroke-linejoin:round;stroke-miterlimit:2;\">\r\n                      <g transform=\"matrix(1,0,0,1,-36.9988,-1051.99)\">\r\n                          <path class=\"Shape-5\" d=\"M55.004,1053.57L54.972,1053.51L54.964,1053.52C54.2,1052.59 53.085,1051.99 51.827,1051.99L41.167,1051.99C39.909,1051.99 38.795,1052.59 38.03,1053.52L38.022,1053.51L37.987,1053.57C37.379,1054.33 36.999,1055.31 36.999,1056.38L36.999,1061.61C36.999,1064.03 38.865,1066 41.167,1066L51.827,1066C54.13,1066 55.996,1064.03 55.996,1061.61L55.996,1056.38C55.996,1055.3 55.614,1054.33 55.004,1053.57ZM41.167,1053.49L51.827,1053.49C52.563,1053.49 53.228,1053.8 53.722,1054.3L46.498,1058.84L39.273,1054.3C39.766,1053.8 40.432,1053.49 41.167,1053.49ZM54.571,1061.61C54.571,1063.2 53.34,1064.5 51.827,1064.5L41.167,1064.5C39.655,1064.5 38.424,1063.2 38.424,1061.61L38.424,1056.38C38.424,1056.1 38.473,1055.84 38.542,1055.59L46.498,1060.59L54.453,1055.59C54.522,1055.84 54.571,1056.1 54.571,1056.38L54.571,1061.61Z\" style=\"fill:rgb(0,87,0);fill-rule:nonzero;\"\/>\r\n                      <\/g>\r\n                  <\/svg>\r\n                    <\/a>\r\n                <\/div>\r\n            <\/div>\r\n        <\/div><\/div><\/div>\n\n\n\n<div class=\"wp-block-jetpack-layout-grid-column wp-block-jetpack-layout-grid__padding-huge\">\n<ul class=\"wp-block-list\">\n<li><strong><strong>Erfarenhet och Kunskap<\/strong><\/strong> &#8211; Kunskap om branschen \u00e4r en av de viktigaste faktorerna vi anser vara avg\u00f6rande. Bang &amp; Bonsomer har mer \u00e4n 90 \u00e5rs expertis inom smart materialteknologi och vi str\u00e4var efter att \u00f6verf\u00f6ra denna kunskap till v\u00e5ra nya medarbetare samt att l\u00e4ra oss mer genom olika och kontinuerliga utbildningsprogram.<br><\/li>\n\n\n\n<li><strong><strong>M\u00e4nniskor F\u00f6rst<\/strong><\/strong> &#8211; M\u00e4nniskor \u00e4r nyckeln till alla f\u00f6retag. S\u00e5, oavsett om vi pratar om v\u00e5rt team eller v\u00e5ra kunder, kommer m\u00e4nniskor alltid f\u00f6rst. D\u00e4rf\u00f6r till\u00e4mpar vi v\u00e5r Bang &amp; Bonsomer v\u00e4rdekod p\u00e5 v\u00e5rt team. V\u00e5ra 360 kundv\u00e5rdsprinciper anv\u00e4nds f\u00f6r att s\u00e4kerst\u00e4lla att vi ger b\u00e4sta m\u00f6jliga service till v\u00e5ra kunder. Vi tar d\u00e4rf\u00f6r v\u00e4l hand om v\u00e5rt team och v\u00e5ra kunder.<br><\/li>\n\n\n\n<li><strong><strong>\u00c4rlighet och Stark Etik<\/strong><\/strong> &#8211; Vi v\u00e4rdes\u00e4tter \u00e4rlighet och stark etik i allt vi g\u00f6r.<br><\/li>\n<\/ul>\n<\/div>\n\n\n\n<div class=\"wp-block-jetpack-layout-grid-column wp-block-jetpack-layout-grid__padding-none\"><div class=\"lazyblock-section-content-Z2oixWQ wp-block-lazyblock-section-content\">\r\n<div class=\"content-wrapper bottom-left-rounded\" style=\"position:relative; top: 50px; background-color: #FFFFFF; background-image: url(https:\/\/beauty-clean.bangbonsomer.com\/wp-content\/uploads\/\/sites\/19\/2022\/07\/sub-1-1-scaled.jpg); background-size: cover; z-index: 1;\">\r\n  <div class=\"content-container\" style=\"\">\r\n\t  \t<\/div>\r\n<\/div><\/div><\/div>\n<\/div>\n\n<\/div><\/div>\n\n<div class=\"lazyblock-section-Z1ibATk wp-block-lazyblock-section\">\r\n<div class=\"page-section full-height\" style=\"background-repeat:no-repeat; background-color: #FFFFFF; min-height: 330px;\">\r\n\t\n\n<div class=\"wp-block-jetpack-layout-grid column1-desktop-grid__span-6 column1-desktop-grid__row-1 column2-desktop-grid__span-6 column2-desktop-grid__start-7 column2-desktop-grid__row-1 column1-tablet-grid__span-4 column1-tablet-grid__row-1 column2-tablet-grid__span-4 column2-tablet-grid__start-5 column2-tablet-grid__row-1 column1-mobile-grid__span-1 column1-mobile-grid__row-1 column2-mobile-grid__span-3 column2-mobile-grid__start-2 column2-mobile-grid__row-1 wp-block-jetpack-layout-gutter__nowrap wp-block-jetpack-layout-gutter__none\">\n<div class=\"wp-block-jetpack-layout-grid-column wp-block-jetpack-layout-grid__padding-none\"><div class=\"lazyblock-section-content-ZjtTv0 wp-block-lazyblock-section-content\">\r\n<div class=\"content-wrapper background-position-v-center background-position-h-right top-right-rounded\" style=\"position:relative; top: 100px; margin-bottom: 0px; background-color: #FFFFFF; background-image: url(https:\/\/beauty-clean.bangbonsomer.com\/wp-content\/uploads\/\/sites\/19\/2022\/07\/sub-2-1-scaled.jpg); background-size: cover;\">\r\n  <div class=\"content-container\" style=\"\">\r\n\t  \t<\/div>\r\n<\/div><\/div><\/div>\n\n\n\n<div class=\"wp-block-jetpack-layout-grid-column wp-block-jetpack-layout-grid__padding-huge\">\n<p><br><br><\/p>\n\n\n\n<ul class=\"wp-block-list\">\n<li><strong><strong>H\u00e5llbarhet<\/strong><\/strong> &#8211; Vi v\u00e4ljer noggrant ingredienserna i v\u00e5r produktportf\u00f6lj och ger alltid f\u00f6retr\u00e4de inte bara till de mest effektiva r\u00e5varorna, utan \u00e4ven till ingredienser som \u00e4r h\u00e5llbara, med minimal negativ p\u00e5verkan p\u00e5 milj\u00f6n och p\u00e5 m\u00e4nniskors och djurs h\u00e4lsa. Tillsammans med v\u00e5ra kunder tror vi p\u00e5 kraften i gr\u00f6n och s\u00e4ker kemi, eftersom n\u00e4r vi skapar n\u00e5got nytt m\u00e5ste vi alltid t\u00e4nka p\u00e5 v\u00e5r planets framtid och v\u00e5ra barns h\u00e4lsa.<br><\/li>\n\n\n\n<li><strong><strong>Innovation och Trender<\/strong><\/strong> &#8211; Vi letar alltid efter smartare, snabbare och mer kostnadseffektiva l\u00f6sningar f\u00f6r att hantera branschens v\u00e4xande utmaningar. D\u00e4rf\u00f6r utforskar vi st\u00e4ndigt innovativa metoder f\u00f6r att bl\u00e5sa nytt liv i traditionella problem.<br><\/li>\n\n\n\n<li><strong><strong>V\u00e5r Ambition \u00c4r att \u00d6ka V\u00e5ra Kunders L\u00f6nsamhet<\/strong><\/strong> &#8211; Om v\u00e5ra kunder lyckas, lyckas vi. S\u00e5 enkelt \u00e4r det.<br><\/li>\n<\/ul>\n<\/div>\n<\/div>\n\n<\/div><\/div>\n\n<div class=\"lazyblock-section-vB1xQ wp-block-lazyblock-section\">\r\n<div class=\"page-section\" style=\"background-repeat:no-repeat; background-color: #FFFFFF; min-height: 70px;\">\r\n\t\n\n<div class=\"wp-block-jetpack-layout-grid alignfull column1-desktop-grid__span-12 column1-desktop-grid__row-1 column1-tablet-grid__span-8 column1-tablet-grid__row-1 column1-mobile-grid__span-4 column1-mobile-grid__row-1 wp-block-jetpack-layout-gutter__nowrap wp-block-jetpack-layout-gutter__none\">\n<div class=\"wp-block-jetpack-layout-grid-column wp-block-jetpack-layout-grid__padding-huge\">\n<p><\/p>\n<\/div>\n<\/div>\n\n<\/div><\/div>","protected":false},"excerpt":{"rendered":"","protected":false},"author":11,"featured_media":2474,"parent":0,"menu_order":10,"comment_status":"closed","ping_status":"closed","template":"","meta":{"_acf_changed":false,"_lmt_disableupdate":"","_lmt_disable":"","_monsterinsights_skip_tracking":false,"_monsterinsights_sitenote_active":false,"_monsterinsights_sitenote_note":"","_monsterinsights_sitenote_category":0,"footnotes":""},"class_list":["post-1748","page","type-page","status-publish","has-post-thumbnail","hentry","entry"],"acf":[],"yoast_head":"<!-- This site is optimized with the Yoast SEO plugin v27.3 - https:\/\/yoast.com\/product\/yoast-seo-wordpress\/ -->\n<title>F\u00f6retagspolicy och h\u00e5llbarhet - Beauty &amp; Clean<\/title>\n<meta name=\"robots\" content=\"index, follow, max-snippet:-1, max-image-preview:large, max-video-preview:-1\" \/>\n<link rel=\"canonical\" href=\"https:\/\/beauty-clean.bangbonsomer.com\/sv\/foretagspolicy-och-hallbarhet\/\" \/>\n<meta property=\"og:locale\" content=\"sv_SE\" \/>\n<meta property=\"og:type\" content=\"article\" \/>\n<meta property=\"og:title\" content=\"F\u00f6retagspolicy och h\u00e5llbarhet - Beauty &amp; Clean\" \/>\n<meta property=\"og:url\" content=\"https:\/\/beauty-clean.bangbonsomer.com\/sv\/foretagspolicy-och-hallbarhet\/\" \/>\n<meta property=\"og:site_name\" content=\"Beauty &amp; Clean\" \/>\n<meta property=\"article:modified_time\" content=\"2024-05-31T08:28:14+00:00\" \/>\n<meta property=\"og:image\" content=\"http:\/\/beauty-clean.bangbonsomer.com\/wp-content\/uploads\/\/sites\/19\/2024\/04\/shutterstock_1648265845-edited-1-scaled.jpg\" \/>\n\t<meta property=\"og:image:width\" content=\"2560\" \/>\n\t<meta property=\"og:image:height\" content=\"853\" \/>\n\t<meta property=\"og:image:type\" content=\"image\/jpeg\" \/>\n<meta name=\"twitter:card\" content=\"summary_large_image\" \/>\n<meta name=\"twitter:label1\" content=\"Ber\u00e4knad l\u00e4stid\" \/>\n\t<meta name=\"twitter:data1\" content=\"2 minuter\" \/>\n<script type=\"application\/ld+json\" class=\"yoast-schema-graph\">{\"@context\":\"https:\\\/\\\/schema.org\",\"@graph\":[{\"@type\":\"WebPage\",\"@id\":\"https:\\\/\\\/beauty-clean.bangbonsomer.com\\\/sv\\\/foretagspolicy-och-hallbarhet\\\/\",\"url\":\"https:\\\/\\\/beauty-clean.bangbonsomer.com\\\/sv\\\/foretagspolicy-och-hallbarhet\\\/\",\"name\":\"F\u00f6retagspolicy och h\u00e5llbarhet - Beauty &amp; Clean\",\"isPartOf\":{\"@id\":\"https:\\\/\\\/beauty-clean.bangbonsomer.com\\\/#website\"},\"primaryImageOfPage\":{\"@id\":\"https:\\\/\\\/beauty-clean.bangbonsomer.com\\\/sv\\\/foretagspolicy-och-hallbarhet\\\/#primaryimage\"},\"image\":{\"@id\":\"https:\\\/\\\/beauty-clean.bangbonsomer.com\\\/sv\\\/foretagspolicy-och-hallbarhet\\\/#primaryimage\"},\"thumbnailUrl\":\"https:\\\/\\\/beauty-clean.bangbonsomer.com\\\/wp-content\\\/uploads\\\/\\\/sites\\\/19\\\/2024\\\/04\\\/shutterstock_1648265845-edited-1-scaled.jpg\",\"datePublished\":\"2022-09-26T07:17:32+00:00\",\"dateModified\":\"2024-05-31T08:28:14+00:00\",\"breadcrumb\":{\"@id\":\"https:\\\/\\\/beauty-clean.bangbonsomer.com\\\/sv\\\/foretagspolicy-och-hallbarhet\\\/#breadcrumb\"},\"inLanguage\":\"sv-SE\",\"potentialAction\":[{\"@type\":\"ReadAction\",\"target\":[\"https:\\\/\\\/beauty-clean.bangbonsomer.com\\\/sv\\\/foretagspolicy-och-hallbarhet\\\/\"]}]},{\"@type\":\"ImageObject\",\"inLanguage\":\"sv-SE\",\"@id\":\"https:\\\/\\\/beauty-clean.bangbonsomer.com\\\/sv\\\/foretagspolicy-och-hallbarhet\\\/#primaryimage\",\"url\":\"https:\\\/\\\/beauty-clean.bangbonsomer.com\\\/wp-content\\\/uploads\\\/\\\/sites\\\/19\\\/2024\\\/04\\\/shutterstock_1648265845-edited-1-scaled.jpg\",\"contentUrl\":\"https:\\\/\\\/beauty-clean.bangbonsomer.com\\\/wp-content\\\/uploads\\\/\\\/sites\\\/19\\\/2024\\\/04\\\/shutterstock_1648265845-edited-1-scaled.jpg\",\"width\":2560,\"height\":853,\"caption\":\"Winter nature panoramic people couple wearing icelandic wool handknit knitted pullover sweaters on outdoor beach banner. Fashion models background.\"},{\"@type\":\"BreadcrumbList\",\"@id\":\"https:\\\/\\\/beauty-clean.bangbonsomer.com\\\/sv\\\/foretagspolicy-och-hallbarhet\\\/#breadcrumb\",\"itemListElement\":[{\"@type\":\"ListItem\",\"position\":1,\"name\":\"Home\",\"item\":\"https:\\\/\\\/beauty-clean.bangbonsomer.com\\\/sv\\\/\"},{\"@type\":\"ListItem\",\"position\":2,\"name\":\"F\u00f6retagspolicy och h\u00e5llbarhet\"}]},{\"@type\":\"WebSite\",\"@id\":\"https:\\\/\\\/beauty-clean.bangbonsomer.com\\\/#website\",\"url\":\"https:\\\/\\\/beauty-clean.bangbonsomer.com\\\/\",\"name\":\"Beauty &amp; Clean\",\"description\":\"Just another Bangbonsomer site\",\"potentialAction\":[{\"@type\":\"SearchAction\",\"target\":{\"@type\":\"EntryPoint\",\"urlTemplate\":\"https:\\\/\\\/beauty-clean.bangbonsomer.com\\\/?s={search_term_string}\"},\"query-input\":{\"@type\":\"PropertyValueSpecification\",\"valueRequired\":true,\"valueName\":\"search_term_string\"}}],\"inLanguage\":\"sv-SE\"}]}<\/script>\n<!-- \/ Yoast SEO plugin. -->","yoast_head_json":{"title":"F\u00f6retagspolicy och h\u00e5llbarhet - Beauty &amp; Clean","robots":{"index":"index","follow":"follow","max-snippet":"max-snippet:-1","max-image-preview":"max-image-preview:large","max-video-preview":"max-video-preview:-1"},"canonical":"https:\/\/beauty-clean.bangbonsomer.com\/sv\/foretagspolicy-och-hallbarhet\/","og_locale":"sv_SE","og_type":"article","og_title":"F\u00f6retagspolicy och h\u00e5llbarhet - Beauty &amp; Clean","og_url":"https:\/\/beauty-clean.bangbonsomer.com\/sv\/foretagspolicy-och-hallbarhet\/","og_site_name":"Beauty &amp; Clean","article_modified_time":"2024-05-31T08:28:14+00:00","og_image":[{"width":2560,"height":853,"url":"http:\/\/beauty-clean.bangbonsomer.com\/wp-content\/uploads\/\/sites\/19\/2024\/04\/shutterstock_1648265845-edited-1-scaled.jpg","type":"image\/jpeg"}],"twitter_card":"summary_large_image","twitter_misc":{"Ber\u00e4knad l\u00e4stid":"2 minuter"},"schema":{"@context":"https:\/\/schema.org","@graph":[{"@type":"WebPage","@id":"https:\/\/beauty-clean.bangbonsomer.com\/sv\/foretagspolicy-och-hallbarhet\/","url":"https:\/\/beauty-clean.bangbonsomer.com\/sv\/foretagspolicy-och-hallbarhet\/","name":"F\u00f6retagspolicy och h\u00e5llbarhet - Beauty &amp; Clean","isPartOf":{"@id":"https:\/\/beauty-clean.bangbonsomer.com\/#website"},"primaryImageOfPage":{"@id":"https:\/\/beauty-clean.bangbonsomer.com\/sv\/foretagspolicy-och-hallbarhet\/#primaryimage"},"image":{"@id":"https:\/\/beauty-clean.bangbonsomer.com\/sv\/foretagspolicy-och-hallbarhet\/#primaryimage"},"thumbnailUrl":"https:\/\/beauty-clean.bangbonsomer.com\/wp-content\/uploads\/\/sites\/19\/2024\/04\/shutterstock_1648265845-edited-1-scaled.jpg","datePublished":"2022-09-26T07:17:32+00:00","dateModified":"2024-05-31T08:28:14+00:00","breadcrumb":{"@id":"https:\/\/beauty-clean.bangbonsomer.com\/sv\/foretagspolicy-och-hallbarhet\/#breadcrumb"},"inLanguage":"sv-SE","potentialAction":[{"@type":"ReadAction","target":["https:\/\/beauty-clean.bangbonsomer.com\/sv\/foretagspolicy-och-hallbarhet\/"]}]},{"@type":"ImageObject","inLanguage":"sv-SE","@id":"https:\/\/beauty-clean.bangbonsomer.com\/sv\/foretagspolicy-och-hallbarhet\/#primaryimage","url":"https:\/\/beauty-clean.bangbonsomer.com\/wp-content\/uploads\/\/sites\/19\/2024\/04\/shutterstock_1648265845-edited-1-scaled.jpg","contentUrl":"https:\/\/beauty-clean.bangbonsomer.com\/wp-content\/uploads\/\/sites\/19\/2024\/04\/shutterstock_1648265845-edited-1-scaled.jpg","width":2560,"height":853,"caption":"Winter nature panoramic people couple wearing icelandic wool handknit knitted pullover sweaters on outdoor beach banner. Fashion models background."},{"@type":"BreadcrumbList","@id":"https:\/\/beauty-clean.bangbonsomer.com\/sv\/foretagspolicy-och-hallbarhet\/#breadcrumb","itemListElement":[{"@type":"ListItem","position":1,"name":"Home","item":"https:\/\/beauty-clean.bangbonsomer.com\/sv\/"},{"@type":"ListItem","position":2,"name":"F\u00f6retagspolicy och h\u00e5llbarhet"}]},{"@type":"WebSite","@id":"https:\/\/beauty-clean.bangbonsomer.com\/#website","url":"https:\/\/beauty-clean.bangbonsomer.com\/","name":"Beauty &amp; Clean","description":"Just another Bangbonsomer site","potentialAction":[{"@type":"SearchAction","target":{"@type":"EntryPoint","urlTemplate":"https:\/\/beauty-clean.bangbonsomer.com\/?s={search_term_string}"},"query-input":{"@type":"PropertyValueSpecification","valueRequired":true,"valueName":"search_term_string"}}],"inLanguage":"sv-SE"}]}},"_links":{"self":[{"href":"https:\/\/beauty-clean.bangbonsomer.com\/sv\/wp-json\/wp\/v2\/pages\/1748","targetHints":{"allow":["GET"]}}],"collection":[{"href":"https:\/\/beauty-clean.bangbonsomer.com\/sv\/wp-json\/wp\/v2\/pages"}],"about":[{"href":"https:\/\/beauty-clean.bangbonsomer.com\/sv\/wp-json\/wp\/v2\/types\/page"}],"author":[{"embeddable":true,"href":"https:\/\/beauty-clean.bangbonsomer.com\/sv\/wp-json\/wp\/v2\/users\/11"}],"replies":[{"embeddable":true,"href":"https:\/\/beauty-clean.bangbonsomer.com\/sv\/wp-json\/wp\/v2\/comments?post=1748"}],"version-history":[{"count":27,"href":"https:\/\/beauty-clean.bangbonsomer.com\/sv\/wp-json\/wp\/v2\/pages\/1748\/revisions"}],"predecessor-version":[{"id":2702,"href":"https:\/\/beauty-clean.bangbonsomer.com\/sv\/wp-json\/wp\/v2\/pages\/1748\/revisions\/2702"}],"wp:featuredmedia":[{"embeddable":true,"href":"https:\/\/beauty-clean.bangbonsomer.com\/sv\/wp-json\/wp\/v2\/media\/2474"}],"wp:attachment":[{"href":"https:\/\/beauty-clean.bangbonsomer.com\/sv\/wp-json\/wp\/v2\/media?parent=1748"}],"curies":[{"name":"wp","href":"https:\/\/api.w.org\/{rel}","templated":true}]}}